{"id":579,"date":"2018-11-05T15:02:55","date_gmt":"2018-11-05T15:02:55","guid":{"rendered":"http:\/\/www.stahl-sk.eu\/o-nas\/"},"modified":"2018-11-20T15:58:06","modified_gmt":"2018-11-20T15:58:06","slug":"about-us","status":"publish","type":"page","link":"https:\/\/www.stahl-sk.eu\/en\/about-us\/","title":{"rendered":"About us"},"content":{"rendered":"<div id=\"pl-579\"  class=\"panel-layout\" ><div id=\"pg-579-0\"  class=\"panel-grid panel-has-style\" ><div class=\"panel-row-style panel-row-style-for-579-0\" ><div id=\"pgc-579-0-0\"  class=\"panel-grid-cell panel-grid-cell-empty\" ><\/div><div id=\"pgc-579-0-1\"  class=\"panel-grid-cell panel-grid-cell-mobile-last\" ><div id=\"panel-579-0-1-0\" class=\"so-panel widget widget_sow-editor panel-first-child panel-last-child\" data-index=\"0\" ><div\n\t\t\t\n\t\t\tclass=\"so-widget-sow-editor so-widget-sow-editor-base\"\n\t\t\t\n\t\t>\n<div class=\"siteorigin-widget-tinymce textwidget\">\n\t<h3>Prioritn\u00fdm zameran\u00edm je realiz\u00e1cia a\u00a0mont\u00e1\u017e presklenn\u00fdch, keramick\u00fdch a plechov\u00fdch fas\u00e1d. Zakladatelia firmy STAHL s.r.o \u010derpaj\u00fa od za\u010diatku zo svojich dlhoro\u010dn\u00fdch sk\u00fasenost\u00ed v\u00a0obore.<\/h3>\n<\/div>\n<\/div><\/div><\/div><div id=\"pgc-579-0-2\"  class=\"panel-grid-cell panel-grid-cell-empty\" ><\/div><\/div><\/div><div id=\"pg-579-1\"  class=\"panel-grid panel-has-style\" ><div class=\"panel-row-style panel-row-style-for-579-1\" ><div id=\"pgc-579-1-0\"  class=\"panel-grid-cell\" ><div id=\"panel-579-1-0-0\" class=\"so-panel widget widget_sow-editor panel-first-child panel-last-child\" data-index=\"1\" ><div\n\t\t\t\n\t\t\tclass=\"so-widget-sow-editor so-widget-sow-editor-base\"\n\t\t\t\n\t\t>\n<div class=\"siteorigin-widget-tinymce textwidget\">\n\t<h2>Services<\/h2>\n<\/div>\n<\/div><\/div><\/div><div id=\"pgc-579-1-1\"  class=\"panel-grid-cell\" ><div id=\"panel-579-1-1-0\" class=\"so-panel widget widget_sow-editor panel-first-child panel-last-child\" data-index=\"2\" ><div\n\t\t\t\n\t\t\tclass=\"so-widget-sow-editor so-widget-sow-editor-base\"\n\t\t\t\n\t\t>\n<div class=\"siteorigin-widget-tinymce textwidget\">\n\t<p>We also provide services in assembling steel constructions and locksmithery, alongside with moulding metal and other additional construction work. In addition to our occupations we also rent out machines and mechanisms and sell aluminium and stainless steel, we also weld together.<\/p>\n<\/div>\n<\/div><\/div><\/div><div id=\"pgc-579-1-2\"  class=\"panel-grid-cell\" ><div id=\"panel-579-1-2-0\" class=\"so-panel widget widget_sow-editor panel-first-child panel-last-child\" data-index=\"3\" ><div\n\t\t\t\n\t\t\tclass=\"so-widget-sow-editor so-widget-sow-editor-base\"\n\t\t\t\n\t\t>\n<div class=\"siteorigin-widget-tinymce textwidget\">\n\t<p>It\u2019s not uncommon for us to install fire-proof, armoured doors from a German firm called SOMMER, which are also suitable for buildings with increased security measures or even nuclear power plants.<\/p>\n<\/div>\n<\/div><\/div><\/div><\/div><\/div><div id=\"pg-579-2\"  class=\"panel-grid panel-no-style\" ><div id=\"pgc-579-2-0\"  class=\"panel-grid-cell\" ><div id=\"panel-579-2-0-0\" class=\"so-panel widget widget_sow-image panel-first-child panel-last-child\" data-index=\"4\" ><div\n\t\t\t\n\t\t\tclass=\"so-widget-sow-image so-widget-sow-image-default-8b5b6f678277-579\"\n\t\t\t\n\t\t>\n\n<div class=\"sow-image-container\">\n\t\t<img loading=\"lazy\" decoding=\"async\" src=\"https:\/\/www.stahl-sk.eu\/wp-content\/uploads\/2018\/11\/P1020346.jpg\" width=\"1200\" height=\"676\" srcset=\"https:\/\/www.stahl-sk.eu\/wp-content\/uploads\/2018\/11\/P1020346.jpg 1200w, https:\/\/www.stahl-sk.eu\/wp-content\/uploads\/2018\/11\/P1020346-300x169.jpg 300w, https:\/\/www.stahl-sk.eu\/wp-content\/uploads\/2018\/11\/P1020346-768x433.jpg 768w, https:\/\/www.stahl-sk.eu\/wp-content\/uploads\/2018\/11\/P1020346-1024x577.jpg 1024w, https:\/\/www.stahl-sk.eu\/wp-content\/uploads\/2018\/11\/P1020346-480x270.jpg 480w, https:\/\/www.stahl-sk.eu\/wp-content\/uploads\/2018\/11\/P1020346-992x559.jpg 992w\" sizes=\"(max-width: 1200px) 100vw, 1200px\" alt=\"\" \t\tclass=\"so-widget-image\"\/>\n\t<\/div>\n\n<\/div><\/div><\/div><div id=\"pgc-579-2-1\"  class=\"panel-grid-cell\" ><div id=\"panel-579-2-1-0\" class=\"so-panel widget widget_sow-image panel-first-child panel-last-child\" data-index=\"5\" ><div\n\t\t\t\n\t\t\tclass=\"so-widget-sow-image so-widget-sow-image-default-8b5b6f678277-579\"\n\t\t\t\n\t\t>\n\n<div class=\"sow-image-container\">\n\t\t<img loading=\"lazy\" decoding=\"async\" src=\"https:\/\/www.stahl-sk.eu\/wp-content\/uploads\/2018\/11\/P1020341-e1541431767248.jpg\" width=\"1199\" height=\"1332\" srcset=\"https:\/\/www.stahl-sk.eu\/wp-content\/uploads\/2018\/11\/P1020341-e1541431767248.jpg 1199w, https:\/\/www.stahl-sk.eu\/wp-content\/uploads\/2018\/11\/P1020341-e1541431767248-270x300.jpg 270w, https:\/\/www.stahl-sk.eu\/wp-content\/uploads\/2018\/11\/P1020341-e1541431767248-768x853.jpg 768w, https:\/\/www.stahl-sk.eu\/wp-content\/uploads\/2018\/11\/P1020341-e1541431767248-922x1024.jpg 922w, https:\/\/www.stahl-sk.eu\/wp-content\/uploads\/2018\/11\/P1020341-e1541431767248-480x533.jpg 480w, https:\/\/www.stahl-sk.eu\/wp-content\/uploads\/2018\/11\/P1020341-e1541431767248-992x1102.jpg 992w\" sizes=\"(max-width: 1199px) 100vw, 1199px\" title=\"P1020341\" alt=\"\" \t\tclass=\"so-widget-image\"\/>\n\t<\/div>\n\n<\/div><\/div><\/div><\/div><div id=\"pg-579-3\"  class=\"panel-grid panel-has-style\" ><div class=\"panel-row-style panel-row-style-for-579-3\" ><div id=\"pgc-579-3-0\"  class=\"panel-grid-cell\" ><div id=\"panel-579-3-0-0\" class=\"so-panel widget widget_sow-editor panel-first-child panel-last-child\" data-index=\"6\" ><div\n\t\t\t\n\t\t\tclass=\"so-widget-sow-editor so-widget-sow-editor-base\"\n\t\t\t\n\t\t>\n<div class=\"siteorigin-widget-tinymce textwidget\">\n\t<h2>Realization<\/h2>\n<\/div>\n<\/div><\/div><\/div><div id=\"pgc-579-3-1\"  class=\"panel-grid-cell panel-grid-cell-mobile-last\" ><div id=\"panel-579-3-1-0\" class=\"so-panel widget widget_sow-editor panel-first-child panel-last-child\" data-index=\"7\" ><div\n\t\t\t\n\t\t\tclass=\"so-widget-sow-editor so-widget-sow-editor-base\"\n\t\t\t\n\t\t>\n<div class=\"siteorigin-widget-tinymce textwidget\">\n\t<p>It\u2019s not an issue for us to travel abroad in order to meet our clients. People from Finland, Norway, France, Germany, Austria, Bulgaria, Belgium, Switzerland and even in Nigeria or Qatar.<\/p>\n<\/div>\n<\/div><\/div><\/div><div id=\"pgc-579-3-2\"  class=\"panel-grid-cell panel-grid-cell-empty\" ><\/div><\/div><\/div><\/div>","protected":false},"excerpt":{"rendered":"<p>STAHL S.R.O. operates on the market since 2006. With 12 years of experience, we have received many satisfied clients who regularly come back to us for our services.<\/p>\n","protected":false},"author":3,"featured_media":24,"parent":0,"menu_order":0,"comment_status":"closed","ping_status":"closed","template":"","meta":{"footnotes":""},"class_list":["post-579","page","type-page","status-publish","has-post-thumbnail","hentry"],"aioseo_notices":[],"_links":{"self":[{"href":"https:\/\/www.stahl-sk.eu\/en\/wp-json\/wp\/v2\/pages\/579"}],"collection":[{"href":"https:\/\/www.stahl-sk.eu\/en\/wp-json\/wp\/v2\/pages"}],"about":[{"href":"https:\/\/www.stahl-sk.eu\/en\/wp-json\/wp\/v2\/types\/page"}],"author":[{"embeddable":true,"href":"https:\/\/www.stahl-sk.eu\/en\/wp-json\/wp\/v2\/users\/3"}],"replies":[{"embeddable":true,"href":"https:\/\/www.stahl-sk.eu\/en\/wp-json\/wp\/v2\/comments?post=579"}],"version-history":[{"count":9,"href":"https:\/\/www.stahl-sk.eu\/en\/wp-json\/wp\/v2\/pages\/579\/revisions"}],"predecessor-version":[{"id":588,"href":"https:\/\/www.stahl-sk.eu\/en\/wp-json\/wp\/v2\/pages\/579\/revisions\/588"}],"wp:featuredmedia":[{"embeddable":true,"href":"https:\/\/www.stahl-sk.eu\/en\/wp-json\/wp\/v2\/media\/24"}],"wp:attachment":[{"href":"https:\/\/www.stahl-sk.eu\/en\/wp-json\/wp\/v2\/media?parent=579"}],"curies":[{"name":"wp","href":"https:\/\/api.w.org\/{rel}","templated":true}]}}